{"id":36,"date":"2024-10-02T00:07:45","date_gmt":"2024-10-02T00:07:45","guid":{"rendered":"https:\/\/revue-ncre.com\/?page_id=36"},"modified":"2024-10-08T16:00:10","modified_gmt":"2024-10-08T16:00:10","slug":"comite-scientifique","status":"publish","type":"page","link":"https:\/\/revue-ncre.com\/index.php\/comite-scientifique\/","title":{"rendered":"Comit\u00e9 scientifique"},"content":{"rendered":"\t\t<div data-elementor-type=\"wp-page\" data-elementor-id=\"36\" class=\"elementor elementor-36\" data-elementor-post-type=\"page\">\n\t\t\t\t<div class=\"elementor-element elementor-element-64a60be e-flex e-con-boxed e-con e-parent\" data-id=\"64a60be\" data-element_type=\"container\" data-e-type=\"container\">\n\t\t\t\t\t<div class=\"e-con-inner\">\n\t\t\t\t<div class=\"elementor-element elementor-element-a3ee478 elementor-drop-cap-yes elementor-drop-cap-view-default elementor-widget elementor-widget-text-editor\" data-id=\"a3ee478\" data-element_type=\"widget\" data-e-type=\"widget\" data-settings=\"{&quot;drop_cap&quot;:&quot;yes&quot;}\" data-widget_type=\"text-editor.default\">\n\t\t\t\t<div class=\"elementor-widget-container\">\n\t\t\t\t\t\t\t\t\t<p>Les NCR\u00c9 sont\u00a0une revue scientifique dont le contenu est soumis \u00e0 un comit\u00e9 scientifique international. Depuis 2016, la composition du comit\u00e9 scientifique de la revue varie chaque ann\u00e9e en fonction du contenu des dossiers th\u00e9matiques et des manuscrits soumis \u00e0 la revue.<\/p>\t\t\t\t\t\t\t\t<\/div>\n\t\t\t\t<\/div>\n\t\t\t\t\t<\/div>\n\t\t\t\t<\/div>\n\t\t<div class=\"elementor-element elementor-element-0279bb4 e-grid e-con-boxed e-con e-parent\" data-id=\"0279bb4\" data-element_type=\"container\" data-e-type=\"container\">\n\t\t\t\t\t<div class=\"e-con-inner\">\n\t\t\t\t<div class=\"elementor-element elementor-element-e2c4c36 elementor-widget elementor-widget-text-editor\" data-id=\"e2c4c36\" data-element_type=\"widget\" data-e-type=\"widget\" data-widget_type=\"text-editor.default\">\n\t\t\t\t<div class=\"elementor-widget-container\">\n\t\t\t\t\t\t\t\t\t<table width=\"348\"><tbody><tr><td colspan=\"4\" width=\"348\">ADIHOU, Adolphe \u2013 Universit\u00e9 de Sherbrooke<\/td><\/tr><tr><td colspan=\"4\">ALLAIRE, St\u00e9phane \u2013 Universit\u00e9 du Qu\u00e9bec \u00e0 Chicoutimi<\/td><\/tr><tr><td colspan=\"4\">ARA\u00daJO OLIVEIRA, Anderson \u2013 Universit\u00e9 du Qu\u00e9bec \u00e0 Montr\u00e9al<\/td><\/tr><tr><td colspan=\"4\">BALLEUX, Andr\u00e9 \u2013 Universit\u00e9 de Sherbrooke<\/td><\/tr><tr><td colspan=\"4\">BARRERA CURIN, Raquel Isabel \u2013 Universit\u00e9 du Qu\u00e9bec \u00e0 Montr\u00e9al<\/td><\/tr><tr><td colspan=\"4\">BEAUPR\u00c9, Pauline \u2013 Universit\u00e9 du Qu\u00e9bec \u00e0 Rimouski<\/td><\/tr><tr><td colspan=\"4\">BEAUREGARD, France \u2013 Universit\u00e9 de Sherbrooke<\/td><\/tr><tr><td colspan=\"4\">B\u00c9LAND, S\u00e9bastien \u2013 Universit\u00e9 de Montr\u00e9al<\/td><\/tr><tr><td colspan=\"4\">BERGIER, Bertrand \u2013 Universit\u00e9 catholique de l\u2019Ouest<\/td><\/tr><tr><td colspan=\"4\">BESNARD, Th\u00e9r\u00e8se \u2013 Universit\u00e9 de Sherbrooke<\/td><\/tr><tr><td colspan=\"4\">BLASER, Christiane \u2013 Universit\u00e9 de Sherbrooke<\/td><\/tr><tr><td colspan=\"4\">BORGES, C\u00e9cilia \u2013 Universit\u00e9 de Montr\u00e9al<\/td><\/tr><tr><td colspan=\"4\">BOURQUE, Jimmy \u2013 Universit\u00e9 de Moncton<\/td><\/tr><tr><td colspan=\"4\">BOUHON, Mathieu \u2013 Universit\u00e9 catholique de Louvain<\/td><\/tr><tr><td colspan=\"4\">BRONNER, Alain &#8211; Universit\u00e9 Montpellier 2<\/td><\/tr><tr><td colspan=\"4\">CARTIER, Sylvie \u2013 Universit\u00e9 de Montr\u00e9al<\/td><\/tr><tr><td colspan=\"4\">CHARLIER, Bernadette \u2013 Universit\u00e9 de Fribourg<\/td><\/tr><tr><td colspan=\"4\">CHARLIER, \u00c9veline \u2013 Universit\u00e9 de Namur<\/td><\/tr><tr><td colspan=\"4\">CHATIGNY, C\u00e9line \u2013 Universit\u00e9 du Qu\u00e9bec \u00e0 Montr\u00e9al<\/td><\/tr><tr><td colspan=\"4\">CHAUBET, Philippe \u2013 Universit\u00e9 du Qu\u00e9bec \u00e0 Montr\u00e9al<\/td><\/tr><tr><td colspan=\"4\">COIDURAS, Jordi \u2013 Universidad de Lleida<\/td><\/tr><tr><td colspan=\"4\">DESBIENS, Jean-Fran\u00e7ois \u2013 Universit\u00e9 de Sherbrooke<\/td><\/tr><tr><td colspan=\"4\">DESJARDINS, Julie \u2013 Universit\u00e9 de Sherbrooke<\/td><\/tr><tr><td colspan=\"4\">DEZUTTER, Olivier \u2013 Universit\u00e9 de Sherbrooke<\/td><\/tr><tr><td colspan=\"4\">DUFAYS, Jean-Louis \u2013 Universit\u00e9 catholique de Louvain<\/td><\/tr><tr><td colspan=\"4\">DURAND, Marc \u2013 Universit\u00e9 de Gen\u00e8ve<\/td><\/tr><tr><td colspan=\"4\">F\u00c9LIX, Christine \u2013 IUFM d\u2019Aix-Marseille<\/td><\/tr><tr><td colspan=\"4\">FERNANDEZ, Nicolas \u2013 Universit\u00e9 du Qu\u00e9bec \u00e0 Montr\u00e9al<\/td><\/tr><tr><td colspan=\"4\">GAL-PETITFAUX, Nathalie \u2013 Universit\u00e9 Blaise-Pascal<\/td><\/tr><tr><td colspan=\"4\">GAUTHIER, Clermont \u2013 Universit\u00e9 Laval<\/td><\/tr><\/tbody><\/table>\t\t\t\t\t\t\t\t<\/div>\n\t\t\t\t<\/div>\n\t\t\t\t<div class=\"elementor-element elementor-element-ec7af58 elementor-widget elementor-widget-text-editor\" data-id=\"ec7af58\" data-element_type=\"widget\" data-e-type=\"widget\" data-widget_type=\"text-editor.default\">\n\t\t\t\t<div class=\"elementor-widget-container\">\n\t\t\t\t\t\t\t\t\t<table width=\"174\"><tbody><tr><td colspan=\"2\" width=\"174\">GRENON, Vincent \u2013 Universit\u00e9 de Sherbrooke<\/td><\/tr><tr><td colspan=\"2\">HASNI, Abdelkrim \u2013 Universit\u00e9 de Sherbrooke<\/td><\/tr><tr><td colspan=\"2\">HOLGADO, Otilia \u2013 Universit\u00e9 de Sherbrooke<\/td><\/tr><tr><td colspan=\"2\">JEANNOTTE, Doris &#8211; Universit\u00e9 du Qu\u00e9bec \u00e0 Montr\u00e9al<\/td><\/tr><tr><td colspan=\"2\">JUTRAS, France \u2013 Universit\u00e9 de Sherbrooke<\/td><\/tr><tr><td colspan=\"2\">KALUBI, Jean-Claude \u2013 Universit\u00e9 de Sherbrooke<\/td><\/tr><tr><td colspan=\"2\">KANOUT\u00c9, Fasal \u2013 Universit\u00e9 de Montr\u00e9al<\/td><\/tr><tr><td colspan=\"2\">LARGUIER, Mir\u00e8ne &#8211; Universit\u00e9 de Montpellier 2<\/td><\/tr><tr><td colspan=\"2\">LAPOINTE, Pierre \u2013 Universit\u00e9 de Montr\u00e9al<\/td><\/tr><tr><td colspan=\"2\">LANTHEAUME, Fran\u00e7oise \u2013 Universit\u00e9 Lumi\u00e8re Lyon 2<\/td><\/tr><tr><td colspan=\"2\">LAROSE, Fran\u00e7ois &#8211; Universit\u00e9 de Sherbrooke<\/td><\/tr><tr><td colspan=\"2\">LE CORFF, Yann \u2013 Universit\u00e9 de Sherbrooke<\/td><\/tr><tr><td colspan=\"2\">LEBLANC, Serge \u2013 Universit\u00e9 Montpellier 2<\/td><\/tr><tr><td colspan=\"2\">LEGENDRE, Marie-Fran\u00e7oise \u2013 Universit\u00e9 Laval<\/td><\/tr><tr><td colspan=\"2\">LENOIR, Annick \u2013 Universit\u00e9 de Sherbrooke<\/td><\/tr><tr><td colspan=\"2\">LENOIR, Yves \u2013 Universit\u00e9 de Sherbrooke<\/td><\/tr><tr><td colspan=\"2\">LEROUX, Julie Lyne\u00a0 \u2013 Universit\u00e9 de Sherbrooke<\/td><\/tr><tr><td colspan=\"2\">LEROUX, Myl\u00e8ne \u2013 Universit\u00e9 du Qu\u00e9bec en Outaouais<\/td><\/tr><tr><td colspan=\"2\">LISON, Christelle \u2013 Universit\u00e9 de Sherbrooke<\/td><\/tr><tr><td colspan=\"2\">LOIZON, Denis \u2013 IUFM de Bourgogne<\/td><\/tr><tr><td colspan=\"2\">LUSSI BORER, Val\u00e9rie \u2013 Universit\u00e9 de Gen\u00e8ve<\/td><\/tr><tr><td colspan=\"2\">MAKDISSI, H\u00e9l\u00e8ne \u2013 Universit\u00e9 Laval<\/td><\/tr><tr><td colspan=\"2\">MALO, Annie \u2013 Universit\u00e9 de Montr\u00e9al<\/td><\/tr><tr><td colspan=\"2\">MARCOTTE, Sylvie &#8211; Universit\u00e9 du Qu\u00e9bec en Outaouais<\/td><\/tr><tr><td colspan=\"2\">MARTINEAU, St\u00e9phane \u2013 Universit\u00e9 du Qu\u00e9bec \u00e0 Trois-Rivi\u00e8res<\/td><\/tr><tr><td colspan=\"2\">MAUBANT, Philippe \u2013 Universit\u00e9 de Sherbrooke<\/td><\/tr><tr><td colspan=\"2\">MAYEN, Patrick \u2013 ENESAS-Agro Sup Dijon<\/td><\/tr><tr><td colspan=\"2\">MEYER, Florian \u2013 Universit\u00e9 de Sherbrooke<\/td><\/tr><tr><td colspan=\"2\">MOORE, Dani\u00e8le \u2013 Universit\u00e9 Simon Fraser<\/td><\/tr><tr><td colspan=\"2\">MORIN, Marie-France \u2013 Universit\u00e9 de Sherbrooke<\/td><\/tr><tr><td colspan=\"2\">MORISSETTE, Jo\u00eblle \u2013 Universit\u00e9 de Montr\u00e9al<\/td><\/tr><tr><td colspan=\"2\">NOOTENS, Pascale \u2013 Universit\u00e9 de Sherbrooke<\/td><\/tr><\/tbody><\/table>\t\t\t\t\t\t\t\t<\/div>\n\t\t\t\t<\/div>\n\t\t\t\t<div class=\"elementor-element elementor-element-2ec127e elementor-widget elementor-widget-text-editor\" data-id=\"2ec127e\" data-element_type=\"widget\" data-e-type=\"widget\" data-widget_type=\"text-editor.default\">\n\t\t\t\t<div class=\"elementor-widget-container\">\n\t\t\t\t\t\t\t\t\t<table width=\"261\"><tbody><tr><td colspan=\"3\" width=\"261\">NTEBUTSE, Jean Gabin \u2013 Universit\u00e9 de Sherbrooke<\/td><\/tr><tr><td colspan=\"3\">OUELLET, Chantal \u2013 Universit\u00e9 du Qu\u00e9bec \u00e0 Montr\u00e9al<\/td><\/tr><tr><td colspan=\"3\">OUELLET, Sylvie \u2013 Universit\u00e9 du Qu\u00e9bec \u00e0 Trois-Rivi\u00e8res<\/td><\/tr><tr><td colspan=\"3\">RIA, Luc \u2013 IF\u00c8, \u00c9cole normale sup\u00e9rieure de Lyon<\/td><\/tr><tr><td colspan=\"3\">RIEL, Jessica \u2013 Universit\u00e9 du Qu\u00e9bec en Outaouais<\/td><\/tr><tr><td colspan=\"3\">RONVEAUX, Christophe \u2013 Universit\u00e9 de Gen\u00e8ve<\/td><\/tr><tr><td colspan=\"3\">ROSKAM, Isabelle \u2013 Universit\u00e9 catholique de Louvain<\/td><\/tr><tr><td colspan=\"3\">SABATIER, C\u00e9cile \u2013 Universit\u00e9 Simon Fraser<\/td><\/tr><tr><td colspan=\"3\">SANCHEZ, \u00c9ric \u2013 IF\u00c8, \u00c9cole normale sup\u00e9rieure de Lyon<\/td><\/tr><tr><td colspan=\"3\">SAUJAT, Fr\u00e9d\u00e9ric \u2013 IUFM d\u2019Aix-Marseille<\/td><\/tr><tr><td colspan=\"3\">SILVA, Hayd\u00e9e \u2013 Universidad Nacional Aut\u00f3noma de M\u00e9xico<\/td><\/tr><tr><td colspan=\"3\">SIROIS, Pauline \u2013 Universit\u00e9 Laval<\/td><\/tr><tr><td colspan=\"3\">STEINBACH, Marilyn \u2013 Universit\u00e9 de Sherbrooke<\/td><\/tr><tr><td colspan=\"3\">ST-VINCENT, Lise-Anne \u2013 Universit\u00e9 du Qu\u00e9bec \u00e0 Trois-Rivi\u00e8res<\/td><\/tr><tr><td colspan=\"3\">TARDIF, MAURICE \u2013 Universit\u00e9 de Montr\u00e9al<\/td><\/tr><tr><td colspan=\"3\">THEIS, Laurent \u2013 Universit\u00e9 de Sherbrooke<\/td><\/tr><tr><td colspan=\"3\">TH\u00c9RIAULT, Pascale \u2013 Universit\u00e9 du Qu\u00e9bec \u00e0 Chicoutimi<\/td><\/tr><tr><td colspan=\"3\">THOMAS, Lynn \u2013 Universit\u00e9 de Sherbrooke<\/td><\/tr><tr><td colspan=\"3\">TURCOTTE, Catherine \u2013 Universit\u00e9 du Qu\u00e9bec \u00e0 Montr\u00e9al<\/td><\/tr><tr><td colspan=\"3\">VAN NIEUWENHOVEN, Catherine \u2013 Universit\u00e9 catholique de Louvain<\/td><\/tr><tr><td colspan=\"3\">VANHULLE, Sabine \u2013 Universit\u00e9 de Gen\u00e8ve<\/td><\/tr><tr><td colspan=\"3\">VERUYNES, Philippe \u2013 Universit\u00e9 de Toulouse II Le Mirail<\/td><\/tr><tr><td colspan=\"3\">VIAU-GUAY, Annabelle \u2013 Universit\u00e9 Laval<\/td><\/tr><tr><td colspan=\"3\">VILLEMAGNE, Carine \u2013 Universit\u00e9 de Sherbrooke<\/td><\/tr><tr><td colspan=\"3\">VOYER, Brigitte \u2013 Universit\u00e9 du Qu\u00e9bec \u00e0 Montr\u00e9al<\/td><\/tr><tr><td colspan=\"3\">YERGEAU, \u00c9ric \u2013 Universit\u00e9 de Sherbrooke<\/td><\/tr><tr><td colspan=\"3\">YVON, Fr\u00e9d\u00e9ric \u2013 Universit\u00e9 de Gen\u00e8ve<\/td><\/tr><\/tbody><\/table>\t\t\t\t\t\t\t\t<\/div>\n\t\t\t\t<\/div>\n\t\t\t\t\t<\/div>\n\t\t\t\t<\/div>\n\t\t\t\t<\/div>\n\t\t","protected":false},"excerpt":{"rendered":"<p>Les NCR\u00c9 sont\u00a0une revue scientifique dont le contenu est soumis \u00e0 un comit\u00e9 scientifique international. Depuis 2016, la composition du comit\u00e9 scientifique de la revue varie chaque ann\u00e9e en fonction du contenu des dossiers th\u00e9matiques et des manuscrits soumis \u00e0 la revue. ADIHOU, Adolphe \u2013 Universit\u00e9 de Sherbrooke ALLAIRE, St\u00e9phane \u2013 Universit\u00e9 du Qu\u00e9bec \u00e0 [&hellip;]<\/p>\n","protected":false},"author":1,"featured_media":0,"parent":0,"menu_order":0,"comment_status":"closed","ping_status":"closed","template":"","meta":{"footnotes":""},"class_list":["post-36","page","type-page","status-publish","hentry"],"_links":{"self":[{"href":"https:\/\/revue-ncre.com\/index.php\/wp-json\/wp\/v2\/pages\/36","targetHints":{"allow":["GET"]}}],"collection":[{"href":"https:\/\/revue-ncre.com\/index.php\/wp-json\/wp\/v2\/pages"}],"about":[{"href":"https:\/\/revue-ncre.com\/index.php\/wp-json\/wp\/v2\/types\/page"}],"author":[{"embeddable":true,"href":"https:\/\/revue-ncre.com\/index.php\/wp-json\/wp\/v2\/users\/1"}],"replies":[{"embeddable":true,"href":"https:\/\/revue-ncre.com\/index.php\/wp-json\/wp\/v2\/comments?post=36"}],"version-history":[{"count":7,"href":"https:\/\/revue-ncre.com\/index.php\/wp-json\/wp\/v2\/pages\/36\/revisions"}],"predecessor-version":[{"id":269,"href":"https:\/\/revue-ncre.com\/index.php\/wp-json\/wp\/v2\/pages\/36\/revisions\/269"}],"wp:attachment":[{"href":"https:\/\/revue-ncre.com\/index.php\/wp-json\/wp\/v2\/media?parent=36"}],"curies":[{"name":"wp","href":"https:\/\/api.w.org\/{rel}","templated":true}]}}