{"id":378,"date":"2024-10-10T17:06:17","date_gmt":"2024-10-10T17:06:17","guid":{"rendered":"https:\/\/revue-ncre.com\/?page_id=378"},"modified":"2025-04-17T19:32:52","modified_gmt":"2025-04-17T19:32:52","slug":"articles","status":"publish","type":"page","link":"https:\/\/revue-ncre.com\/index.php\/articles\/","title":{"rendered":"Articles"},"content":{"rendered":"\t\t<div data-elementor-type=\"wp-page\" data-elementor-id=\"378\" class=\"elementor elementor-378\" data-elementor-post-type=\"page\">\n\t\t\t\t<div class=\"elementor-element elementor-element-f19f68a e-flex e-con-boxed e-con e-parent\" data-id=\"f19f68a\" data-element_type=\"container\" data-e-type=\"container\">\n\t\t\t\t\t<div class=\"e-con-inner\">\n\t\t\t\t<div class=\"elementor-element elementor-element-100fa2a elementor-widget-divider--view-line elementor-widget elementor-widget-divider\" data-id=\"100fa2a\" data-element_type=\"widget\" data-e-type=\"widget\" data-widget_type=\"divider.default\">\n\t\t\t\t<div class=\"elementor-widget-container\">\n\t\t\t\t\t\t\t<div class=\"elementor-divider\">\n\t\t\t<span class=\"elementor-divider-separator\">\n\t\t\t\t\t\t<\/span>\n\t\t<\/div>\n\t\t\t\t\t\t<\/div>\n\t\t\t\t<\/div>\n\t\t\t\t<div class=\"elementor-element elementor-element-e7c16f8 elementor-headline--style-highlight elementor-widget elementor-widget-animated-headline\" data-id=\"e7c16f8\" data-element_type=\"widget\" data-e-type=\"widget\" data-settings=\"{&quot;highlighted_text&quot;:&quot;obligatoirement &quot;,&quot;headline_style&quot;:&quot;highlight&quot;,&quot;marker&quot;:&quot;circle&quot;,&quot;loop&quot;:&quot;yes&quot;,&quot;highlight_animation_duration&quot;:1200,&quot;highlight_iteration_delay&quot;:8000}\" data-widget_type=\"animated-headline.default\">\n\t\t\t\t<div class=\"elementor-widget-container\">\n\t\t\t\t\t\t\t<h3 class=\"elementor-headline\">\n\t\t\t\t\t<span class=\"elementor-headline-plain-text elementor-headline-text-wrapper\">Les articles soumis aux <i>Nouveaux cahiers de la recherche en \u00e9ducation<\/i><br \/> doivent <\/span>\n\t\t\t\t<span class=\"elementor-headline-dynamic-wrapper elementor-headline-text-wrapper\">\n\t\t\t\t\t<span class=\"elementor-headline-dynamic-text elementor-headline-text-active\">obligatoirement <\/span>\n\t\t\t\t<\/span>\n\t\t\t\t\t<span class=\"elementor-headline-plain-text elementor-headline-text-wrapper\">se conformer aux normes \u00e9ditoriales<br \/> pour faire l'objet d'une premi\u00e8re lecture. <\/span>\n\t\t\t\t\t<\/h3>\n\t\t\t\t\t\t<\/div>\n\t\t\t\t<\/div>\n\t\t\t\t<div class=\"elementor-element elementor-element-4595993 elementor-align-center elementor-widget elementor-widget-button\" data-id=\"4595993\" data-element_type=\"widget\" data-e-type=\"widget\" data-widget_type=\"button.default\">\n\t\t\t\t<div class=\"elementor-widget-container\">\n\t\t\t\t\t\t\t\t\t<div class=\"elementor-button-wrapper\">\n\t\t\t\t\t<a class=\"elementor-button elementor-button-link elementor-size-sm\" href=\"https:\/\/revue-ncre.com\/documents\/NCRE_Normes_editoriales_2024.pdf\">\n\t\t\t\t\t\t<span class=\"elementor-button-content-wrapper\">\n\t\t\t\t\t\t\t\t\t<span class=\"elementor-button-text\">Consultez les normes \u00e9ditoriales<\/span>\n\t\t\t\t\t<\/span>\n\t\t\t\t\t<\/a>\n\t\t\t\t<\/div>\n\t\t\t\t\t\t\t\t<\/div>\n\t\t\t\t<\/div>\n\t\t\t\t<div class=\"elementor-element elementor-element-52864e1 elementor-widget-divider--view-line elementor-widget elementor-widget-divider\" data-id=\"52864e1\" data-element_type=\"widget\" data-e-type=\"widget\" data-widget_type=\"divider.default\">\n\t\t\t\t<div class=\"elementor-widget-container\">\n\t\t\t\t\t\t\t<div class=\"elementor-divider\">\n\t\t\t<span class=\"elementor-divider-separator\">\n\t\t\t\t\t\t<\/span>\n\t\t<\/div>\n\t\t\t\t\t\t<\/div>\n\t\t\t\t<\/div>\n\t\t\t\t\t<\/div>\n\t\t\t\t<\/div>\n\t\t<div class=\"elementor-element elementor-element-c339d92 e-flex e-con-boxed e-con e-parent\" data-id=\"c339d92\" data-element_type=\"container\" data-e-type=\"container\">\n\t\t\t\t\t<div class=\"e-con-inner\">\n\t\t\t\t<div class=\"elementor-element elementor-element-54dba3a elementor-widget elementor-widget-text-editor\" data-id=\"54dba3a\" data-element_type=\"widget\" data-e-type=\"widget\" data-widget_type=\"text-editor.default\">\n\t\t\t\t<div class=\"elementor-widget-container\">\n\t\t\t\t\t\t\t\t\t<h2><strong>Soumettre un article<\/strong><\/h2><h4><strong>1. Comment soumettre un article?<\/strong><\/h4><p>Pour soumettre un article, les auteurs sont invit\u00e9s \u00e0 soumettre leur manuscrit \u00e0 l\u2019adresse suivante\u00a0:\u00a0<strong><a href=\"mailto:ncre@USherbrooke.ca\">ncre@USherbrooke.ca<\/a>.<\/strong><\/p><p>Les\u00a0<em>Nouveaux cahiers de la recherche en \u00e9ducation<\/em>\u00a0ont, entre autres objectifs, d\u2019offrir un espace de publication aux \u00e9tudiantes et \u00e9tudiants aux cycles sup\u00e9rieurs afin de leur permettre de diffuser les r\u00e9sultats produits dans le cadre de leurs m\u00e9moires ou th\u00e8ses. Dans cette optique,\u00a0<strong>les \u00e9tudiantes et \u00e9tudiants qui souhaitent soumettre un article \u00e0 la revue sont invit\u00e9s \u00e0 le faire en associant \u00e0 titre de coauteur leur directeur de recherche, dans le respect de son r\u00f4le de formateur scientifique de la rel\u00e8ve<\/strong>.<\/p><h4><strong>2.\u00a0Appel de textes<\/strong><\/h4><p>La revue\u00a0<em>Nouveaux cahiers de la recherche en \u00e9ducation<\/em> publie des articles originaux (55 000 caract\u00e8res, espaces compris, au maximum) et des recensions (entre trois et cinq pages au maximum). Les textes doivent \u00eatre conformes aux normes \u00e9ditoriales de la revue (voir onglet <span style=\"text-decoration: underline;\"><strong><a href=\"https:\/\/revue-ncre.com\/documents\/NCRE_Normes_editoriales_2024.pdf\">Normes \u00e9ditoriales<\/a><\/strong><\/span>). La revue\u00a0<em>Nouveaux cahiers de la recherche en \u00e9ducation<\/em>\u00a0ne publie pas d\u2019entrevues, ni de textes d\u2019opinion ou de compte rendu de pratique. Chaque texte doit \u00eatre soumis en version \u00e9lectronique \u00e0 l\u2019adresse\u00a0:\u00a0<a href=\"mailto:ncre@USherbrooke.ca\">ncre@USherbrooke.ca<\/a>.<\/p><h4><strong>3.\u00a0Accus\u00e9 de r\u00e9ception<\/strong><\/h4><p>Sur r\u00e9ception d\u2019un texte, le Comit\u00e9 de r\u00e9daction envoie \u00e0 l\u2019auteur un accus\u00e9 de r\u00e9ception par voie \u00e9lectronique.<\/p><h4><strong>4. Premi\u00e8re lecture<\/strong><\/h4><p>L\u2019article est lu en premier lieu par au moins un membre du Comit\u00e9 de r\u00e9daction qui \u00e9value sa conformit\u00e9 avec la politique r\u00e9dactionnelle de la revue. Si le texte n\u2019est pas retenu, l\u2019autrice\/auteur en est inform\u00e9.<\/p><h4><strong>5. Deuxi\u00e8me lecture<\/strong><\/h4><p>Une fois l\u2019article jug\u00e9 recevable, il est ensuite soumis sous forme anonyme \u00e0 l\u2019arbitrage de deux membres du Comit\u00e9 scientifique ou d\u2019autres sp\u00e9cialistes du domaine de recherche concern\u00e9, pour \u00e9valuation et commentaires.<\/p><p>Pour plus de d\u00e9tails, voir la\u00a0<strong><a href=\"https:\/\/revue-ncre.com\/documents\/Grille_arbitre_NCRE.pdf\"><span style=\"text-decoration: underline;\">grille d&rsquo;\u00e9valuation<\/span><\/a><\/strong>\u00a0utilis\u00e9e.<\/p><h4><strong>6. D\u00e9cision de publier<\/strong><\/h4><p>\u00c0 la lumi\u00e8re des commentaires et suggestions des arbitres, le Comit\u00e9 de r\u00e9daction prend la d\u00e9cision de publier ou non l\u2019article. L\u2019autrice\/auteur est inform\u00e9 de la d\u00e9cision. Le comit\u00e9 peut exiger que l\u2019autrice\/auteur revoie son article en fonction des commentaires et suggestions des arbitres et le pr\u00e9sente en se conformant aux normes \u00e9ditoriales de la revue. Lorsque des modifications au texte sont exig\u00e9es, l\u2019autrice\/auteur justifiera les d\u00e9cisions prises au regard des commentaires des arbitres. La version pr\u00e9publication d\u2019un texte sera achemin\u00e9e \u00e0 l\u2019autrice\/auteur pour relecture et approbation; l\u2019autrice\/auteur devra ensuite signer un formulaire de cession de droits.<\/p><h4><strong>7. Intervention du Comit\u00e9 de r\u00e9daction<\/strong><\/h4><p>Le Comit\u00e9 de r\u00e9daction se r\u00e9serve le droit de modifier les titres, les intertitres et les descripteurs.<\/p><h4><strong>8. Assignation au num\u00e9ro<\/strong><\/h4><p>L\u2019article qui est pr\u00eat pour publication est assign\u00e9 \u00e0 un prochain num\u00e9ro de la revue\u00a0<em>Nouveaux cahiers de la recherche en \u00e9ducation<\/em>\u00a0en tenant compte de la place disponible et de la sp\u00e9cificit\u00e9 de l\u2019article.<\/p><h4><strong>9. Reproduction d\u2019un texte<\/strong><\/h4><p>Toute reproduction d\u2019un texte dans une autre publication doit faire mention de sa publication ant\u00e9rieure dans la revue\u00a0<em>Nouveaux cahiers de la recherche en \u00e9ducation<\/em>. L\u2019auto-archivage est seulement permis sur des sites \u00e0 <strong>but non lucratif<\/strong> : <span style=\"text-align: var(--text-align);\">archives ouvertes ou d\u00e9p\u00f4ts institutionnels. Nous vous invitons dans ce cas \u00e0 proc\u00e9der comme suit :\u00a0<\/span><\/p><p>1)\u00a0 \u00a0 Rediriger l\u2019internaute \u00e0 l\u2019article dans sa version HTML sur le site \u00c9rudit des <em>Nouveaux cahiers de la recherche en \u00e9ducation<\/em>. Le lien ne devrait pas pointer directement vers un document PDF, mais plut\u00f4t \u00e0 la page \u00e0 partir de laquelle il est possible de t\u00e9l\u00e9charger la version PDF de l\u2019article. Par exemple.<\/p><p>2)\u00a0 \u00a0 Si la redirection est impossible, seule la version \u00ab PDF \u00e9diteur \u00bb (la version d\u00e9finitive mise en page par la revue, aussi appel\u00e9e publisher\u2019s version) peut \u00eatre partag\u00e9e.<\/p><h4><strong>10. Droits d&rsquo;auteurs<\/strong><\/h4><p>Les auteurs et autrices consentent \u00e0 c\u00e9der aux <em>Nouveaux cahiers de la recherche en \u00e9ducation<\/em> leur droit sur l\u2019\u0153uvre publi\u00e9e par la revue.<\/p><p>Il est entendu que les droits sont c\u00e9d\u00e9s pour la publication de ladite \u0153uvre, et ce, pour toute la dur\u00e9e de ce droit, pour tous pays et pour toutes langues.<\/p><p>Aucuns frais de publication ne sont exig\u00e9s de la part des auteurs et autrices.<\/p>\t\t\t\t\t\t\t\t<\/div>\n\t\t\t\t<\/div>\n\t\t\t\t\t<\/div>\n\t\t\t\t<\/div>\n\t\t\t\t<\/div>\n\t\t","protected":false},"excerpt":{"rendered":"<p>Les articles soumis aux Nouveaux cahiers de la recherche en \u00e9ducation doivent obligatoirement se conformer aux normes \u00e9ditoriales pour faire l&rsquo;objet d&rsquo;une premi\u00e8re lecture. Consultez les normes \u00e9ditoriales Soumettre un article 1. Comment soumettre un article? Pour soumettre un article, les auteurs sont invit\u00e9s \u00e0 soumettre leur manuscrit \u00e0 l\u2019adresse suivante\u00a0:\u00a0ncre@USherbrooke.ca. Les\u00a0Nouveaux cahiers de la [&hellip;]<\/p>\n","protected":false},"author":1,"featured_media":0,"parent":0,"menu_order":0,"comment_status":"closed","ping_status":"closed","template":"","meta":{"footnotes":""},"class_list":["post-378","page","type-page","status-publish","hentry"],"_links":{"self":[{"href":"https:\/\/revue-ncre.com\/index.php\/wp-json\/wp\/v2\/pages\/378","targetHints":{"allow":["GET"]}}],"collection":[{"href":"https:\/\/revue-ncre.com\/index.php\/wp-json\/wp\/v2\/pages"}],"about":[{"href":"https:\/\/revue-ncre.com\/index.php\/wp-json\/wp\/v2\/types\/page"}],"author":[{"embeddable":true,"href":"https:\/\/revue-ncre.com\/index.php\/wp-json\/wp\/v2\/users\/1"}],"replies":[{"embeddable":true,"href":"https:\/\/revue-ncre.com\/index.php\/wp-json\/wp\/v2\/comments?post=378"}],"version-history":[{"count":76,"href":"https:\/\/revue-ncre.com\/index.php\/wp-json\/wp\/v2\/pages\/378\/revisions"}],"predecessor-version":[{"id":663,"href":"https:\/\/revue-ncre.com\/index.php\/wp-json\/wp\/v2\/pages\/378\/revisions\/663"}],"wp:attachment":[{"href":"https:\/\/revue-ncre.com\/index.php\/wp-json\/wp\/v2\/media?parent=378"}],"curies":[{"name":"wp","href":"https:\/\/api.w.org\/{rel}","templated":true}]}}