{"id":380,"date":"2024-10-10T17:07:31","date_gmt":"2024-10-10T17:07:31","guid":{"rendered":"https:\/\/revue-ncre.com\/?page_id=380"},"modified":"2024-10-11T13:42:13","modified_gmt":"2024-10-11T13:42:13","slug":"dossiers-thematiques","status":"publish","type":"page","link":"https:\/\/revue-ncre.com\/index.php\/dossiers-thematiques\/","title":{"rendered":"Dossiers th\u00e9matiques"},"content":{"rendered":"\t\t<div data-elementor-type=\"wp-page\" data-elementor-id=\"380\" class=\"elementor elementor-380\" data-elementor-post-type=\"page\">\n\t\t\t\t<div class=\"elementor-element elementor-element-5b52060 e-flex e-con-boxed e-con e-parent\" data-id=\"5b52060\" data-element_type=\"container\" data-e-type=\"container\">\n\t\t\t\t\t<div class=\"e-con-inner\">\n\t\t\t\t<div class=\"elementor-element elementor-element-08dd56d elementor-widget elementor-widget-text-editor\" data-id=\"08dd56d\" data-element_type=\"widget\" data-e-type=\"widget\" data-widget_type=\"text-editor.default\">\n\t\t\t\t<div class=\"elementor-widget-container\">\n\t\t\t\t\t\t\t\t\t<header class=\"frame-header\"><h2 class=\"element-header \"><strong>Soumettre un dossier th\u00e9matique<\/strong><\/h2><\/header><div class=\"textpic-item textpic-text\"><h4><strong>1. Comment soumettre un dossier?<\/strong><\/h4><p>Pour soumettre un dossier, envoyez un texte de cadrage de la th\u00e9matique, la liste des contributions pressenties et un \u00e9ch\u00e9ancier \u00e0 l\u2019adresse suivante\u00a0:\u00a0<strong><a href=\"mailto:ncre@USherbrooke.ca\">ncre@USherbrooke.ca<\/a><\/strong>.<\/p><h4><strong>2. Appel de propositions de dossiers th\u00e9matiques<\/strong><\/h4><p>La revue\u00a0<em>Nouveaux cahiers de la recherche en \u00e9ducation<\/em>\u00a0accepte des propositions de dossiers th\u00e9matiques constitu\u00e9s de cinq \u00e0 sept articles originaux de 25 pages chacun au maximum, incluant la bibliographie, de m\u00eame qu\u2019une introduction de cinq pages maximum, r\u00e9dig\u00e9e par la personne responsable du num\u00e9ro th\u00e9matique. Au moins deux des articles doivent \u00eatre \u00e9crits par des chercheures ou chercheurs d\u2019autres institutions que l\u2019Universit\u00e9 de Sherbrooke.<\/p><p>Le Comit\u00e9 de r\u00e9daction encourage les responsables \u00e0 int\u00e9grer des contributions produites par des \u00e9tudiantes et \u00e9tudiants des cycles sup\u00e9rieurs.<\/p><h4><strong>3. Une soumission de dossier th\u00e9matique doit comporter\u00a0:<\/strong><\/h4><ul class=\"list-normal\"><li>les noms et coordonn\u00e9es des personnes responsables du dossier, identifi\u00e9es comme r\u00e9dactrices ou r\u00e9dacteurs invit\u00e9s;<\/li><li>un intitul\u00e9 du th\u00e8me du dossier;<\/li><li>un argumentaire de une \u00e0 deux pages;<\/li><li>la liste des autrices\/auteurs et des titres de chacun des articles, avec mention du statut et de l\u2019affiliation institutionnelle de chaque autrice\/auteur;<\/li><li>une \u00e9bauche d\u2019\u00e9ch\u00e9ancier de publication. Les textes d\u2019un dossier retenu devront se conformer aux normes \u00e9ditoriales de la revue (voir page\u00a0<a href=\"https:\/\/www.usherbrooke.ca\/ncre\/normes-editoriales\">Normes \u00e9ditoriales<\/a>).<\/li><\/ul><h4><strong>4. Accus\u00e9 de r\u00e9ception<\/strong><\/h4><p>\u00c0 la r\u00e9ception d\u2019une proposition de dossier, le Comit\u00e9 de r\u00e9daction envoie \u00e0 la premi\u00e8re personne responsable un accus\u00e9 de r\u00e9ception \u00e9lectronique.<\/p><h4><strong>5. D\u00e9cision de publier<\/strong><\/h4><p>Le Comit\u00e9 de r\u00e9daction d\u00e9cide d\u2019inscrire ou non le dossier \u00e0 la programmation de la revue. La premi\u00e8re personne responsable est inform\u00e9e de la d\u00e9cision.<\/p><h4><strong>6. Responsabilit\u00e9 du dossier<\/strong><\/h4><p>La personne responsable du dossier th\u00e9matique assure la gestion scientifique (l\u2019\u00e9valuation de la recevabilit\u00e9 de chaque article) et r\u00e9dactionnelle du dossier (l\u2019appr\u00e9ciation du respect des normes \u00e9ditoriales). \u00c0 ce titre, elle propose le nom de trois personnes comp\u00e9tentes, pour chacun des articles, qui seront sollicit\u00e9es par la revue pour l\u2019\u00e9valuation des textes. L\u2019arbitrage est coordonn\u00e9 par la revue. Le responsable du dossier th\u00e9matique s\u2019occupe de faire parvenir \u00e0 la revue les formulaires de cession de droits sign\u00e9s par le premier auteur de chacun des articles.<\/p><p>La personne responsable du dossier envoie les articles \u00e0 l\u2019adresse\u00a0<a href=\"mailto:ncre@USherbrooke.ca\">ncre@USherbrooke.ca<\/a>.<\/p><h4><strong>7.\u00a0Intervention du Comit\u00e9 de r\u00e9daction<\/strong><\/h4><p>Le Comit\u00e9 de r\u00e9daction se r\u00e9serve le droit de modifier les titres, les intertitres et les descripteurs pour chacun des textes constituant le dossier.<\/p><p>Le Comit\u00e9 de r\u00e9daction se r\u00e9serve un droit de regard sur le contenu du dossier ainsi que sur le respect des normes \u00e9ditoriales de la revue.<\/p><h4><strong>8. Publication du dossier<\/strong><\/h4><p>Le dossier qui est pr\u00eat pour publication est assign\u00e9 \u00e0 un prochain num\u00e9ro des\u00a0<em>Nouveaux cahiers de la recherche en \u00e9ducation<\/em>\u00a0en tenant compte du calendrier de publication de la revue.<\/p><h4><strong>9. Reproduction d\u2019un texte<\/strong><\/h4><p>Toute reproduction d\u2019un dossier th\u00e9matique ou d\u2019un texte contenu dans un dossier th\u00e9matique dans une autre publication doit faire mention de sa publication ant\u00e9rieure dans les\u00a0<em>Nouveaux cahiers de la recherche en \u00e9ducation<\/em>.<\/p><\/div>\t\t\t\t\t\t\t\t<\/div>\n\t\t\t\t<\/div>\n\t\t\t\t\t<\/div>\n\t\t\t\t<\/div>\n\t\t\t\t<\/div>\n\t\t","protected":false},"excerpt":{"rendered":"<p>Soumettre un dossier th\u00e9matique 1. Comment soumettre un dossier? Pour soumettre un dossier, envoyez un texte de cadrage de la th\u00e9matique, la liste des contributions pressenties et un \u00e9ch\u00e9ancier \u00e0 l\u2019adresse suivante\u00a0:\u00a0ncre@USherbrooke.ca. 2. Appel de propositions de dossiers th\u00e9matiques La revue\u00a0Nouveaux cahiers de la recherche en \u00e9ducation\u00a0accepte des propositions de dossiers th\u00e9matiques constitu\u00e9s de cinq [&hellip;]<\/p>\n","protected":false},"author":1,"featured_media":0,"parent":0,"menu_order":0,"comment_status":"closed","ping_status":"closed","template":"","meta":{"footnotes":""},"class_list":["post-380","page","type-page","status-publish","hentry"],"_links":{"self":[{"href":"https:\/\/revue-ncre.com\/index.php\/wp-json\/wp\/v2\/pages\/380","targetHints":{"allow":["GET"]}}],"collection":[{"href":"https:\/\/revue-ncre.com\/index.php\/wp-json\/wp\/v2\/pages"}],"about":[{"href":"https:\/\/revue-ncre.com\/index.php\/wp-json\/wp\/v2\/types\/page"}],"author":[{"embeddable":true,"href":"https:\/\/revue-ncre.com\/index.php\/wp-json\/wp\/v2\/users\/1"}],"replies":[{"embeddable":true,"href":"https:\/\/revue-ncre.com\/index.php\/wp-json\/wp\/v2\/comments?post=380"}],"version-history":[{"count":7,"href":"https:\/\/revue-ncre.com\/index.php\/wp-json\/wp\/v2\/pages\/380\/revisions"}],"predecessor-version":[{"id":442,"href":"https:\/\/revue-ncre.com\/index.php\/wp-json\/wp\/v2\/pages\/380\/revisions\/442"}],"wp:attachment":[{"href":"https:\/\/revue-ncre.com\/index.php\/wp-json\/wp\/v2\/media?parent=380"}],"curies":[{"name":"wp","href":"https:\/\/api.w.org\/{rel}","templated":true}]}}