{"id":39,"date":"2024-10-02T00:07:45","date_gmt":"2024-10-02T00:07:45","guid":{"rendered":"https:\/\/revue-ncre.com\/?page_id=39"},"modified":"2025-04-17T19:11:37","modified_gmt":"2025-04-17T19:11:37","slug":"normes-editoriales","status":"publish","type":"page","link":"https:\/\/revue-ncre.com\/index.php\/normes-editoriales\/","title":{"rendered":"Normes \u00e9ditoriales"},"content":{"rendered":"\t\t<div data-elementor-type=\"wp-page\" data-elementor-id=\"39\" class=\"elementor elementor-39\" data-elementor-post-type=\"page\">\n\t\t\t\t<div class=\"elementor-element elementor-element-78f3487 e-flex e-con-boxed e-con e-parent\" data-id=\"78f3487\" data-element_type=\"container\" data-e-type=\"container\">\n\t\t\t\t\t<div class=\"e-con-inner\">\n\t\t\t\t<div class=\"elementor-element elementor-element-a9b848d elementor-widget elementor-widget-text-editor\" data-id=\"a9b848d\" data-element_type=\"widget\" data-e-type=\"widget\" data-widget_type=\"text-editor.default\">\n\t\t\t\t<div class=\"elementor-widget-container\">\n\t\t\t\t\t\t\t\t\t<div id=\"c7395\" class=\"frame frame-size-default frame-default frame-type-textpic frame-layout-default frame-background-none frame-no-backgroundimage frame-space-before-none frame-space-after-none\"><div class=\"frame-group-container\"><div class=\"frame-group-inner\"><div class=\"frame-container frame-container-default\"><div class=\"frame-inner\"><div class=\"textpic textpic-above\"><div class=\"textpic-item textpic-text\"><p class=\"lead\">Les normes \u00e9ditoriales sont le cadre de r\u00e9f\u00e9rence utilis\u00e9 afin d&rsquo;uniformiser la publication d&rsquo;articles.<\/p><h6><strong>Normes APA<\/strong><\/h6><p class=\"lead\">La revue applique les normes APA adapt\u00e9es pour l&rsquo;espace francophone. Le\u00a0style APA\u00a0est un format \u00e9ditorial d\u00e9fini par l&rsquo;<a class=\"mw-redirect\" title=\"American Psychological Association\" href=\"https:\/\/fr.wikipedia.org\/wiki\/American_Psychological_Association\">American Psychological Association<\/a>\u00a0pour les publications et \u00e9crits scientifiques, dans les domaines des sciences humaines et des sciences du comportement. Il s&rsquo;agit d&rsquo;un ensemble de r\u00e8gles \u00e9ditoriales qui sp\u00e9cifient les r\u00e8gles de mise en page et de pr\u00e9paration des manuscrits\u00a0: pr\u00e9sentation des r\u00e9f\u00e9rences bibliographiques, des notes de bas de page, des citations, etc.\u00a0<\/p><\/div><\/div><\/div><\/div><\/div><\/div><\/div>\t\t\t\t\t\t\t\t<\/div>\n\t\t\t\t<\/div>\n\t\t\t\t\t<\/div>\n\t\t\t\t<\/div>\n\t\t<div class=\"elementor-element elementor-element-5fb94bd e-flex e-con-boxed e-con e-parent\" data-id=\"5fb94bd\" data-element_type=\"container\" data-e-type=\"container\">\n\t\t\t\t\t<div class=\"e-con-inner\">\n\t\t\t\t<div class=\"elementor-element elementor-element-98298d0 elementor-widget elementor-widget-button\" data-id=\"98298d0\" data-element_type=\"widget\" data-e-type=\"widget\" data-widget_type=\"button.default\">\n\t\t\t\t<div class=\"elementor-widget-container\">\n\t\t\t\t\t\t\t\t\t<div class=\"elementor-button-wrapper\">\n\t\t\t\t\t<a class=\"elementor-button elementor-button-link elementor-size-sm\" href=\"https:\/\/revue-ncre.com\/documents\/NCRE_Normes_editoriales_2024.pdf\">\n\t\t\t\t\t\t<span class=\"elementor-button-content-wrapper\">\n\t\t\t\t\t\t\t\t\t<span class=\"elementor-button-text\">Consulter les normes \u00e9ditoriales<\/span>\n\t\t\t\t\t<\/span>\n\t\t\t\t\t<\/a>\n\t\t\t\t<\/div>\n\t\t\t\t\t\t\t\t<\/div>\n\t\t\t\t<\/div>\n\t\t\t\t\t<\/div>\n\t\t\t\t<\/div>\n\t\t\t\t<\/div>\n\t\t","protected":false},"excerpt":{"rendered":"<p>Les normes \u00e9ditoriales sont le cadre de r\u00e9f\u00e9rence utilis\u00e9 afin d&rsquo;uniformiser la publication d&rsquo;articles. Normes APA La revue applique les normes APA adapt\u00e9es pour l&rsquo;espace francophone. Le\u00a0style APA\u00a0est un format \u00e9ditorial d\u00e9fini par l&rsquo;American Psychological Association\u00a0pour les publications et \u00e9crits scientifiques, dans les domaines des sciences humaines et des sciences du comportement. Il s&rsquo;agit d&rsquo;un [&hellip;]<\/p>\n","protected":false},"author":1,"featured_media":0,"parent":0,"menu_order":0,"comment_status":"closed","ping_status":"closed","template":"","meta":{"footnotes":""},"class_list":["post-39","page","type-page","status-publish","hentry"],"_links":{"self":[{"href":"https:\/\/revue-ncre.com\/index.php\/wp-json\/wp\/v2\/pages\/39","targetHints":{"allow":["GET"]}}],"collection":[{"href":"https:\/\/revue-ncre.com\/index.php\/wp-json\/wp\/v2\/pages"}],"about":[{"href":"https:\/\/revue-ncre.com\/index.php\/wp-json\/wp\/v2\/types\/page"}],"author":[{"embeddable":true,"href":"https:\/\/revue-ncre.com\/index.php\/wp-json\/wp\/v2\/users\/1"}],"replies":[{"embeddable":true,"href":"https:\/\/revue-ncre.com\/index.php\/wp-json\/wp\/v2\/comments?post=39"}],"version-history":[{"count":22,"href":"https:\/\/revue-ncre.com\/index.php\/wp-json\/wp\/v2\/pages\/39\/revisions"}],"predecessor-version":[{"id":638,"href":"https:\/\/revue-ncre.com\/index.php\/wp-json\/wp\/v2\/pages\/39\/revisions\/638"}],"wp:attachment":[{"href":"https:\/\/revue-ncre.com\/index.php\/wp-json\/wp\/v2\/media?parent=39"}],"curies":[{"name":"wp","href":"https:\/\/api.w.org\/{rel}","templated":true}]}}