{"id":63,"date":"2024-10-01T20:15:19","date_gmt":"2024-10-01T20:15:19","guid":{"rendered":"https:\/\/revue-ncre.com\/?page_id=63"},"modified":"2026-02-12T20:42:28","modified_gmt":"2026-02-12T20:42:28","slug":"elementor-63","status":"publish","type":"page","link":"https:\/\/revue-ncre.com\/","title":{"rendered":"Accueil"},"content":{"rendered":"\t\t<div data-elementor-type=\"wp-post\" data-elementor-id=\"63\" class=\"elementor elementor-63\" data-elementor-post-type=\"page\">\n\t\t\t\t<div class=\"elementor-element elementor-element-94ebc43 e-flex e-con-boxed e-con e-parent\" data-id=\"94ebc43\" data-element_type=\"container\" data-e-type=\"container\">\n\t\t\t\t\t<div class=\"e-con-inner\">\n\t\t<div class=\"elementor-element elementor-element-b93ca6c e-con-full e-flex e-con e-child\" data-id=\"b93ca6c\" data-element_type=\"container\" data-e-type=\"container\">\n\t\t\t\t<div class=\"elementor-element elementor-element-2d42aca elementor-widget elementor-widget-image\" data-id=\"2d42aca\" data-element_type=\"widget\" data-e-type=\"widget\" data-widget_type=\"image.default\">\n\t\t\t\t<div class=\"elementor-widget-container\">\n\t\t\t\t\t\t\t\t\t\t\t\t\t\t\t<img fetchpriority=\"high\" decoding=\"async\" width=\"674\" height=\"1024\" src=\"https:\/\/revue-ncre.com\/wp-content\/uploads\/2026\/02\/NCRE-couv-vol27-no2-674x1024.jpg\" class=\"attachment-large size-large wp-image-731\" alt=\"\" srcset=\"https:\/\/revue-ncre.com\/wp-content\/uploads\/2026\/02\/NCRE-couv-vol27-no2-674x1024.jpg 674w, https:\/\/revue-ncre.com\/wp-content\/uploads\/2026\/02\/NCRE-couv-vol27-no2-197x300.jpg 197w, https:\/\/revue-ncre.com\/wp-content\/uploads\/2026\/02\/NCRE-couv-vol27-no2-768x1167.jpg 768w, https:\/\/revue-ncre.com\/wp-content\/uploads\/2026\/02\/NCRE-couv-vol27-no2-1011x1536.jpg 1011w, https:\/\/revue-ncre.com\/wp-content\/uploads\/2026\/02\/NCRE-couv-vol27-no2-1348x2048.jpg 1348w, https:\/\/revue-ncre.com\/wp-content\/uploads\/2026\/02\/NCRE-couv-vol27-no2-scaled.jpg 1684w\" sizes=\"(max-width: 674px) 100vw, 674px\" \/>\t\t\t\t\t\t\t\t\t\t\t\t\t\t\t<\/div>\n\t\t\t\t<\/div>\n\t\t\t\t<\/div>\n\t\t<div class=\"elementor-element elementor-element-ab1fdf0 e-con-full e-flex e-con e-child\" data-id=\"ab1fdf0\" data-element_type=\"container\" data-e-type=\"container\">\n\t\t<div class=\"elementor-element elementor-element-22e3766 e-con-full e-flex e-con e-child\" data-id=\"22e3766\" data-element_type=\"container\" data-e-type=\"container\">\n\t\t\t\t<div class=\"elementor-element elementor-element-52c1721 elementor-widget elementor-widget-heading\" data-id=\"52c1721\" data-element_type=\"widget\" data-e-type=\"widget\" data-widget_type=\"heading.default\">\n\t\t\t\t<div class=\"elementor-widget-container\">\n\t\t\t\t\t<h2 class=\"elementor-heading-title elementor-size-default\">Volume 27, num\u00e9ro 2, 2025<br><\/h2>\t\t\t\t<\/div>\n\t\t\t\t<\/div>\n\t\t\t\t<\/div>\n\t\t<div class=\"elementor-element elementor-element-a83f884 e-con-full e-flex e-con e-child\" data-id=\"a83f884\" data-element_type=\"container\" data-e-type=\"container\">\n\t\t\t\t<div class=\"elementor-element elementor-element-7aa52a8 elementor-widget elementor-widget-text-editor\" data-id=\"7aa52a8\" data-element_type=\"widget\" data-e-type=\"widget\" data-widget_type=\"text-editor.default\">\n\t\t\t\t<div class=\"elementor-widget-container\">\n\t\t\t\t\t\t\t\t\t<h5><strong>Introduction<\/strong><\/h5><p><a href=\"https:\/\/www.erudit.org\/fr\/revues\/ncre\/2025-v27-n2-ncre010549\/1123114ar\/\"><strong>Sant\u00e9 mentale et travail en milieu scolaire au Qu\u00e9bec<\/strong><\/a><br \/>Simon Viviers, Mari\u00e8ve Pelletier et Imane Lahrizi<\/p><h5><strong>Articles<\/strong><\/h5><p><strong><a href=\"https:\/\/www.erudit.org\/fr\/revues\/ncre\/2025-v27-n2-ncre010549\/1123115ar\/\">Outiller les futures et les nouvelles personnes enseignantes pour mieux cultiver leur bien-\u00eatre, sans occulter l\u2019importance des conditions d\u2019entr\u00e9e dans la profession<\/a><\/strong><br \/>Myl\u00e8ne Leroux, Karina Lapointe et Tania Lafleur<\/p><p><a href=\"https:\/\/www.erudit.org\/fr\/revues\/ncre\/2025-v27-n2-ncre010549\/1123116ar\/\"><strong>Quand les t\u00e2ches fa\u00e7onnent le bien-\u00eatre au travail : l\u2019exp\u00e9rience de personnes enseignantes issues de deux provinces canadiennes<\/strong><\/a><br \/>Caterina Mamprin, Louise Cl\u00e9ment, Marie-Christine Rivest, Marie-Mich\u00e8le Roy et Mouhamadou Thiam<\/p><p><a href=\"https:\/\/www.erudit.org\/fr\/revues\/ncre\/2025-v27-n2-ncre010549\/1123117ar\/\"><strong>La sant\u00e9 mentale du personnel professionnel de l\u2019\u00e9ducation au Qu\u00e9bec : revue narrative des risques psychosociaux du travail<\/strong><\/a><br \/>Carol-Anne Gauthier, Florence C\u00f4t\u00e9, Elisabeth Proteau, \u00c9milie Lessard-Mercier et Fran\u00e7ois Bolduc<\/p><p><a href=\"https:\/\/www.erudit.org\/fr\/revues\/ncre\/2025-v27-n2-ncre010549\/1123118ar\/\"><strong>\u00ab \u00c7a fait partie du travail \u00bb : risques psychosociaux et invisibilit\u00e9 de la violence envers les \u00e9ducatrices en milieu scolaire<\/strong><\/a><br \/>Mari\u00e8ve Pelletier, Samantha Barriault, Imane Lahrizi, \u00c9milie Gigu\u00e8re et V\u00e9ronique Dion<\/p><p><a href=\"https:\/\/www.erudit.org\/fr\/revues\/ncre\/2025-v27-n2-ncre010549\/1123119ar\/\"><strong>La sant\u00e9 mentale et le bien-\u00eatre des directions d\u2019\u00e9tablissement au Qu\u00e9bec \u00e0 l\u2019\u00e9preuve de la p\u00e9riode pand\u00e9mique (COVID-19)<\/strong><\/a><br \/>Rana Naimi et Emmanuel Poirel<\/p><p><a href=\"https:\/\/www.erudit.org\/fr\/revues\/ncre\/2025-v27-n2-ncre010549\/1123120ar\/\"><strong>Interventions organisationnelles pour pr\u00e9venir les risques psychosociaux du travail dans les milieux scolaires : une revue de la litt\u00e9rature<\/strong><\/a><br \/>Andr\u00e9anne Dufresne, Marie-\u00c8ve Audy et Mari\u00e8ve Pelletier<\/p><p><a href=\"https:\/\/www.erudit.org\/fr\/revues\/ncre\/2025-v27-n2-ncre010549\/1123121ar\/\"><strong>Sant\u00e9 mentale en p\u00e9ril : situations de travail \u00e0 risque chez le personnel enseignant au Qu\u00e9bec<\/strong><\/a><br \/>Imane Lahrizi, Simon Viviers et Mari\u00e8ve Pelletierp<\/p><p><strong><a href=\"https:\/\/www.erudit.org\/fr\/revues\/ncre\/2025-v27-n2-ncre010549\/1123122ar\/\">L\u2019exp\u00e9rience et le r\u00f4le du personnel de direction d\u2019\u00e9tablissement scolaire dans un espace de discussion portant sur la sant\u00e9 mentale des enseignants<\/a><\/strong><br \/>Karine Bilodeau, Fr\u00e9d\u00e9ric Yvon et Emmanuel Poirel<\/p><p><a href=\"https:\/\/www.erudit.org\/fr\/revues\/ncre\/2025-v27-n2-ncre010549\/1123123ar\/\"><strong>Reconna\u00eetre, coop\u00e9rer, transformer : vers une sant\u00e9 au travail enseignant fond\u00e9e sur l\u2019agir collectif<\/strong><\/a><br \/>Marcelo Balboa<\/p><h5><strong>Discussion d\u2019expertes sur le num\u00e9ro<\/strong><\/h5><p><a href=\"https:\/\/www.erudit.org\/fr\/revues\/ncre\/2025-v27-n2-ncre010549\/1123124ar\/\"><strong>Sant\u00e9 mentale du personnel scolaire : regards crois\u00e9s Chili-France-Qu\u00e9bec : entretien crois\u00e9 avec Patricia Guerrero et Dominique Cau-Bareille<\/strong><\/a><br \/>Simon Viviers<\/p><h5><strong>Hors th\u00e8me<\/strong><\/h5><p><a href=\"https:\/\/www.erudit.org\/fr\/revues\/ncre\/2025-v27-n2-ncre010549\/1123125ar\/\"><strong>Analyse de la compl\u00e9mentarit\u00e9 des approches orient\u00e9es vers la variable et la personne dans la compr\u00e9hension de la contribution du fonctionnement motivationnel au d\u00e9veloppement vocationnel des \u00e9l\u00e8ves du secondaire<\/strong><\/a><br \/>Remy Mbanga, Catherine F. Ratelle et St\u00e9phane Duchesne<\/p><h5><strong>Recension<\/strong><\/h5><p><a href=\"https:\/\/www.erudit.org\/fr\/revues\/ncre\/2025-v27-n2-ncre010549\/1123126ar\/\"><strong>Grimaud, F. (2024). <em>Enseignants, les nouveaux prol\u00e9taires. Le taylorisme en marche<\/em>. ESF Sciences humaines<\/strong><\/a><br \/>Isabelle Rioux<\/p><div><div>\u00a0<\/div><div><a href=\"https:\/\/revue-ncre.com\/documents\/ncre-vol27-n2.epub\"><strong>T\u00e9l\u00e9chargez le num\u00e9ro au format ePub<\/strong><\/a><\/div><\/div>\t\t\t\t\t\t\t\t<\/div>\n\t\t\t\t<\/div>\n\t\t\t\t<\/div>\n\t\t\t\t<\/div>\n\t\t\t\t\t<\/div>\n\t\t\t\t<\/div>\n\t\t<div class=\"elementor-element elementor-element-5abf9b2 e-flex e-con-boxed e-con e-parent\" data-id=\"5abf9b2\" data-element_type=\"container\" data-e-type=\"container\">\n\t\t\t\t\t<div class=\"e-con-inner\">\n\t\t\t\t\t<\/div>\n\t\t\t\t<\/div>\n\t\t\t\t<\/div>\n\t\t","protected":false},"excerpt":{"rendered":"<p>Volume 27, num\u00e9ro 2, 2025 Introduction Sant\u00e9 mentale et travail en milieu scolaire au Qu\u00e9becSimon Viviers, Mari\u00e8ve Pelletier et Imane Lahrizi Articles Outiller les futures et les nouvelles personnes enseignantes pour mieux cultiver leur bien-\u00eatre, sans occulter l\u2019importance des conditions d\u2019entr\u00e9e dans la professionMyl\u00e8ne Leroux, Karina Lapointe et Tania Lafleur Quand les t\u00e2ches fa\u00e7onnent le [&hellip;]<\/p>\n","protected":false},"author":1,"featured_media":0,"parent":0,"menu_order":0,"comment_status":"closed","ping_status":"closed","template":"elementor_header_footer","meta":{"footnotes":""},"class_list":["post-63","page","type-page","status-publish","hentry"],"_links":{"self":[{"href":"https:\/\/revue-ncre.com\/index.php\/wp-json\/wp\/v2\/pages\/63","targetHints":{"allow":["GET"]}}],"collection":[{"href":"https:\/\/revue-ncre.com\/index.php\/wp-json\/wp\/v2\/pages"}],"about":[{"href":"https:\/\/revue-ncre.com\/index.php\/wp-json\/wp\/v2\/types\/page"}],"author":[{"embeddable":true,"href":"https:\/\/revue-ncre.com\/index.php\/wp-json\/wp\/v2\/users\/1"}],"replies":[{"embeddable":true,"href":"https:\/\/revue-ncre.com\/index.php\/wp-json\/wp\/v2\/comments?post=63"}],"version-history":[{"count":80,"href":"https:\/\/revue-ncre.com\/index.php\/wp-json\/wp\/v2\/pages\/63\/revisions"}],"predecessor-version":[{"id":735,"href":"https:\/\/revue-ncre.com\/index.php\/wp-json\/wp\/v2\/pages\/63\/revisions\/735"}],"wp:attachment":[{"href":"https:\/\/revue-ncre.com\/index.php\/wp-json\/wp\/v2\/media?parent=63"}],"curies":[{"name":"wp","href":"https:\/\/api.w.org\/{rel}","templated":true}]}}